{"id":717,"date":"2024-01-29T01:20:29","date_gmt":"2024-01-29T01:20:29","guid":{"rendered":"https:\/\/paloverdesrl.com\/web\/?page_id=717"},"modified":"2025-08-05T17:17:53","modified_gmt":"2025-08-05T17:17:53","slug":"alfalfa","status":"publish","type":"page","link":"https:\/\/paloverdesrl.com\/web\/alfalfa\/","title":{"rendered":"Alfalfa"},"content":{"rendered":"\t<section class=\"section\" id=\"section_1913790178\">\n\t\t<div class=\"bg section-bg fill bg-fill  \" >\n\n\t\t\t\n\t\t\t\n\t\t\t\n\n\t\t<\/div>\n\n\t\t\n\n\t\t<div class=\"section-content relative\">\n\t\t\t\n<div class=\"container section-title-container\" ><h2 class=\"section-title section-title-bold-center\"><b><\/b><span class=\"section-title-main\" style=\"font-size:198%;color:rgb(255, 255, 255);\">ALFALFA<\/span><b><\/b><\/h2><\/div>\n\t\t<\/div>\n\n\t\t\n<style>\n#section_1913790178 {\n  padding-top: 16px;\n  padding-bottom: 16px;\n  min-height: 50px;\n}\n#section_1913790178 .section-bg.bg-loaded {\n  background-image: url(https:\/\/paloverdesrl.com\/web\/wp-content\/uploads\/2025\/08\/1B.webp);\n}\n#section_1913790178 .section-bg {\n  background-position: 53% 11%;\n}\n@media (min-width:550px) {\n  #section_1913790178 {\n    padding-top: 30px;\n    padding-bottom: 30px;\n    min-height: 325px;\n  }\n}\n<\/style>\n\t<\/section>\n\t\n\t<section class=\"section\" id=\"section_1693186517\">\n\t\t<div class=\"bg section-bg fill bg-fill  bg-loaded\" >\n\n\t\t\t\n\t\t\t\n\t\t\t\n\n\t\t<\/div>\n\n\t\t\n\n\t\t<div class=\"section-content relative\">\n\t\t\t\n\t<div id=\"gap-1053546417\" class=\"gap-element clearfix\" style=\"display:block; height:auto;\">\n\t\t\n<style>\n#gap-1053546417 {\n  padding-top: 20px;\n}\n@media (min-width:550px) {\n  #gap-1053546417 {\n    padding-top: 40px;\n  }\n}\n<\/style>\n\t<\/div>\n\t\n<div class=\"row\"  id=\"row-109004841\">\n\n\t<div id=\"col-1344546320\" class=\"col small-12 large-12\"  >\n\t\t\t\t<div class=\"col-inner\"  >\n\t\t\t\n\t\t\t\n<p><strong>Salina PV<\/strong><br \/>Salina PV Grupo de latencia invernal 9.5 Cultivar sint\u00e9tico creado por Palo Verde S.R.L. a partir de plantas madres seleccionadas en suelos salino-s\u00f3dicos al sur de las Salinas Grandes, en la provincia de Santiago del Estero. <br \/>Por lo tanto, se trata de un cultivar especialmente indicado para esas condiciones de suelo. Tiene muy r\u00e1pida velocidad de rebrote y produce alta cantidad y calidad de forraje durante todo el a\u00f1o, debido a que posee un grado de reposo (latencia) 9 largo. <br \/>Est\u00e1 recomendado para las zonas del NOA y NEA argentino y para la producci\u00f3n de leche, en particular en las regiones extra-pampeanas.<br \/>Tiene un excelente comportamiento fitosanitario y una muy alta foliosidad, con una relaci\u00f3n Hoja\/Tallo de 1,38, establecido sobre planta entera y en el estado de 10% de floraci\u00f3n. Es una variedad que se adapta tanto para pastoreo directo como para la producci\u00f3n de fardos y\/o rollos.<\/p>\n<p><strong>TRAFUL PV \u2013 INTA<\/strong> <br \/>Grupo de latencia invernal 9.5 Cultivar sint\u00e9tico obtenido a partir de plantas sumamente longevas y adaptadas a las condiciones clim\u00e1ticas y de suelo de diferentes zonas del pa\u00eds, lo que lo hace sumamente persistente y muy pl\u00e1stico en su producci\u00f3n de forraje.<br \/>Es un cultivar marcadamente sin reposo invernal, de porte erecto, coronas de tama\u00f1o intermedio, abundante cantidad de tallos y profusa foliosidad. Posee muy alto potencial productivo y muy buenos niveles de resistencia a enfermedades y plagas, particularmente a los cuatro pulgones de la alfalfa. <br \/>Otro rasgo destacable es su muy buen comportamiento frente al \u201cvirus de la enaci\u00f3n y del achaparramiento de la alfalfa\u201d, habiendo sido la menos afectada por la enfermedad en ensayos conducidos por el INTA. <br \/>Es ideal para tambo y para la producci\u00f3n intensiva de carne, tanto en condiciones de secano como de riego. Tambi\u00e9n se la recomienda para la confecci\u00f3n de reservas forrajeras (heno, silaje y\/o henolaje) en todas las \u00e1reas alfalferas del pa\u00eds.<\/p>\n<p><strong>LIMAY PV \u2013 INTA<br \/><\/strong> Grupo de latencia invernal 9.0 Cultivar sin reposo invernal y de amplia base gen\u00e9tica, desarrollado a partir de plantas seleccionadas por su adaptaci\u00f3n a las condiciones de suelos de Concepci\u00f3n del Uruguay (Entre R\u00edos).<br \/>Por eso est\u00e1 especialmente recomendado su uso en aquellas zonas de suelos pesados, de textura fina y con alto contenido de arcillas (ejemplos: vertisoles entrerrianos y horizontes B texturales). <br \/>Tiene muy alto potencial de rendimiento y muy buenos niveles de resistencia a enfermedades y pulgones.<br \/>Por su rapidez de rebrote, su porte erecto y su elevada foliosidad (relaci\u00f3n hoja\/tallo = 1.40 a principios de floraci\u00f3n) es ideal para producci\u00f3n de leche, carne intensiva y reservas forrajeras en la Pampa Ondulada, Cuenca Lechera del NO de Santa Fe y Mesopotamia.<\/p>\n<p><strong>SOF\u00cdA<\/strong> <br \/>Grupo de latencia invernal 8.5 Es una variedad sint\u00e9tica creada por el cuerpo t\u00e9cnico de Palo Verde S.R.L., a partir de selecciones realizadas en alfalfares muy longevos del centro y sur de Entre R\u00edos y norte de Santa Fe (Bajos Submeridionales). <br \/>Es un cultivar sin reposo invernal y muy pl\u00e1stico en cuanto a su adaptaci\u00f3n, sobre todo en condiciones de suelos fuertemente arcillosos, con impedimentos subsuperficiales, perfiles muy someros y\/o con un fuerte horizonte B textural. <br \/>Se lo recomienda para el pastoreo directo, particularmente en esquemas intensivos de engorde y producci\u00f3n l\u00e1ctea. <br \/>Muy buen comportamiento sanitario en tallos y hojas, sobre todo para \u201cmancha ocular\u201d. <br \/>Es adem\u00e1s resistente a los cuatro tipos de pulgones.<\/p>\n<p><strong>ETERNA<\/strong> <br \/>Grupo de latencia invernal 8.0 Obtenida por Palo Verde S.R.L. a partir de plantas seleccionadas en alfalfares de muchos a\u00f1os de duraci\u00f3n, lo que le confiere una muy alta persistencia, a\u00fan en condiciones extremas de pastoreo.<br \/>Precisamente, su nombre hace referencia a esta caracter\u00edstica. <br \/>Presenta una excelente calidad de forraje, con una relaci\u00f3n hoja\/tallo de 1,37 en el estado de 15% de floraci\u00f3n. <br \/>Tiene alta capacidad y velocidad de rebrote y se adapta tanto a esquemas de pastoreo intensivo como a una elevada frecuencia de cortes para henificaci\u00f3n. <br \/>Se destaca tambi\u00e9n por su muy buen comportamiento frente a plagas y enfermedades, tales como: antracnosis, fit\u00f3ftora, fusariosis, pulgones y nematodes de ra\u00edz y tallo.<\/p>\n<p><strong>PASTORA<\/strong> <br \/>Grupo de latencia invernal 7.0 Es una creaci\u00f3n fitogen\u00e9tica de Palo Verde S.R.L. a partir de selecciones y cruzamientos de plantas madres provenientes de alfalfares muy longevos y de buen rendimiento de forraje en las zonas del Valle Bonaerense del R\u00edo Colorado, Pergamino y sur de Santa Fe. <br \/>Su marcada agresividad y su elevada persistencia la hacen recomendable para esquemas intensivos de producci\u00f3n basados en mezclas de alfalfa con gram\u00edneas forrajeras. <br \/>Esta particularidad est\u00e1 asociada a la posici\u00f3n sub-superficial de la corona (es decir: ligeramente por debajo de la l\u00ednea de suelo), lo que la hace menos expuesta al da\u00f1o que pueden causar las pezu\u00f1as y el pastoreo intenso de los animales.<br \/>A todo lo anterior, se suma su elevada relaci\u00f3n hoja\/tallo (1,40 a 10% de floraci\u00f3n), que le confiere un excelente nivel de calidad forrajera.<\/p>\n<p><strong>Pulmar\u00ed PV \u2013 INTA<\/strong> <br \/>Grupo de latencia invernal 7.0 Es un cultivar sint\u00e9tico desarrollado a partir de plantas seleccionadas por su elevada persistencia y vigor en un lote de alfalfa sometido a seis a\u00f1os de pastoreo rotativo en la zona de Marcos Ju\u00e1rez (C\u00f3rdoba). <br \/>De grado de reposo invernal intermedio a sin reposo (7), presenta porte erecto a semi-erecto, coronas de tama\u00f1o intermedio, abundante cantidad de tallos y elevada relaci\u00f3n hoja\/tallo (1,40 al 10% de floraci\u00f3n).<br \/>Tiene muy buen comportamiento sanitario, con altos niveles de resistencia a pulgones y a enfermedades de ra\u00edz y de hoja. <br \/>Su muy alto potencial productivo y su elevada persistencia la hacen ideal para la producci\u00f3n extensiva de carne y la confecci\u00f3n de reservas, especialmente en el centro-sur del pa\u00eds.<br \/>Tambi\u00e9n se adapta a consociaciones con gram\u00edneas forrajeras templadas.<\/p>\n<p><strong>TABA Grupo 6.0<\/strong> <br \/>Cultivar sint\u00e9tico proveniente del cruzamiento de plantas seleccionadas en lotes de producci\u00f3n muy longevos y de muy buen comportamiento sanitario y productivo ubicados en el Valle Inferior del R\u00edo Colorado, provincia de Buenos Aires. <br \/>Se destaca por su plasticidad y su adaptaci\u00f3n a distintas condiciones ambientales (suelo, clima y manejo). <br \/>En este sentido, su rusticidad y agresividad lo hacen muy recomendable para la conformaci\u00f3n de mezclas forrajeras con gram\u00edneas templadas.<br \/>Adem\u00e1s, su alto potencial productivo -particularmente en primavera e inicios del verano- y su alta calidad forrajera (1,30 de relaci\u00f3n hoja\/tallo), lo habilitan para la confecci\u00f3n de rollos y\/o fardos.<\/p>\n<p><strong>KUMEN PV INTA<\/strong> <br \/>es una variedad sint\u00e9tica seleccionada por tolerancia a condiciones de salinidad, que deriva de tres ciclos de selecci\u00f3n fenot\u00edpica bajo condiciones de campo en Isla Verde, Santiago del Estero. <br \/>En lotes con contenidos de salinidad moderada a alta (CEex de 10,6 a 30,8 dS\/m en los primeros 30 cm de suelo) y con un pH promedio de 9,74, se seleccionaron plantas capaces de germinar y producir forraje y semillas. Extensas evaluaciones realizadas en el Laboratorio de Salinidad del USDA en Riverside (California), confirmaron su alta tolerancia a condiciones salinas producidas tanto por cloruros como por sulfatos. Est\u00e1 recomendada especialmente para la producci\u00f3n de forraje en suelos salinos, tanto de secano y de riego con aguas salinas.<br \/>Es una variedad sin reposo invernal (GRI 9) que presenta porte erecto, coronas de tama\u00f1o intermedio, abundante cantidad de tallos y muy buena foliosidad.<br \/>Es altamente resistente al pulg\u00f3n moteado; resistente a fusariosis, pulg\u00f3n verde y pulg\u00f3n azul; y moderadamente resistente a fit\u00f3ftora y antracnosis.<br \/>Fue desarrollada conjuntamente entre las EEAS INTA Manfredi y Santiago del Estero a trav\u00e9s del convenio de vinculaci\u00f3n tecnol\u00f3gica INTA-PALO VERDE SRL.<\/p>\n<p><strong>AMAYA PV INTA<\/strong><br \/>es una variedad extremadamente sin reposo invernal (GRI 10) con alta expresi\u00f3n multifoliolada (MF). <br \/>Despu\u00e9s de cuatro ciclos de selecci\u00f3n fenot\u00edpica por el car\u00e1cter multifoliolado (MF), se obtuvo en materiales altamente sin reposo invernal (GRI 10) el 78% de plantas mutifolioladas, esto es, plantas que tienen la mayor\u00eda de sus hojas con 5 a 6 fol\u00edolos, a diferencia de las hojas normales de alfalfa que tienen tres fol\u00edolos.<br \/>El car\u00e1cter MF le confiere una muy alta calidad forrajera, sin sacrificar potencial de rendimiento forrajero. Amaya PV INTA posee significativamente mayor contenido de prote\u00edna, significativamente mejor relaci\u00f3n hoja\/tallo y menor contenido de fibra (FDN y FDA) que una variedad trifoliada. <br \/>Esto la hace especialmente recomendada para la producci\u00f3n de heno (fardos, rollos y megafardos) de muy alta calidad, para tambos y para planteos intensivos de producci\u00f3n de carne.<br \/>Es una variedad de porte erecto, coronas de tama\u00f1o intermedio, abundante cantidad de tallos y abundante foliosidad. <br \/>Es altamente resistente a los pulgones azul y moteado y resistente a fit\u00f3ftora, antracnosis y pulg\u00f3n verde. <br \/>Fue obtenida en la EEA INTA Manfredi a trav\u00e9s del convenio de vinculaci\u00f3n tecnol\u00f3gica INTA-PALO VERDE SRL.<\/p>\n\t\t<\/div>\n\t\t\t\t\t<\/div>\n\n\t\n<\/div>\n\t\t<\/div>\n\n\t\t\n<style>\n#section_1693186517 {\n  padding-top: 30px;\n  padding-bottom: 30px;\n}\n<\/style>\n\t<\/section>\n\t\n\t<section class=\"section dark\" id=\"section_704756853\">\n\t\t<div class=\"bg section-bg fill bg-fill  \" >\n\n\t\t\t\n\t\t\t<div class=\"section-bg-overlay absolute fill\"><\/div>\n\t\t\t\n\n\t\t<\/div>\n\n\t\t\n\n\t\t<div class=\"section-content relative\">\n\t\t\t\n<div class=\"row\"  id=\"row-515832314\">\n\n\t<div id=\"col-1851196836\" class=\"col medium-12 small-12 large-6\"  >\n\t\t\t\t<div class=\"col-inner\"  >\n\t\t\t\n\t\t\t\n\t<div id=\"gap-1155401284\" class=\"gap-element clearfix\" style=\"display:block; height:auto;\">\n\t\t\n<style>\n#gap-1155401284 {\n  padding-top: 30px;\n}\n<\/style>\n\t<\/div>\n\t\n\t<div id=\"text-608787259\" class=\"text\">\n\t\t\n<h2 class=\"uppercase\">Contactenos<\/h2>\n\t\t\n<style>\n#text-608787259 {\n  font-size: 1.65rem;\n  text-align: center;\n}\n@media (min-width:850px) {\n  #text-608787259 {\n    text-align: left;\n  }\n}\n<\/style>\n\t<\/div>\n\t\n\t<div id=\"text-900351797\" class=\"text\">\n\t\t\n<p>Lorem ipsum dolor sit amet consectetuer adipiscing elit sed diam nonummy nibh euismod tincidunt ut laoreet dolore magna volut dolores cannon.<br \/>\n\t\t\n<style>\n#text-900351797 {\n  text-align: center;\n}\n@media (min-width:850px) {\n  #text-900351797 {\n    text-align: left;\n  }\n}\n<\/style>\n\t<\/div>\n\t\n\t<div id=\"stack-449930590\" class=\"stack stack-row justify-start items-stretch sm:stack-col md:justify-center\">\n\t\t\n<a href=\"https:\/\/paloverdesrl.com\/web\/contacto\/\" target=\"_self\" class=\"button white\"  style=\"padding:5px 30px 5px 30px;\">\n    <span>contacto<\/span>\n  <\/a>\n\n<a href=\"https:\/\/paloverdesrl.com\/web\/red-comercial\/\" target=\"_self\" class=\"button white is-outline\"  style=\"padding:5px 30px 5px 30px;\">\n    <span>representates<\/span>\n  <\/a>\n\n\t\t\n<style>\n#stack-449930590 > * {\n  --stack-gap: 0.5rem;\n}\n<\/style>\n\t<\/div>\n\t\n\t\t<\/div>\n\t\t\t\t\n<style>\n#col-1851196836 > .col-inner {\n  padding: 0px 0px 0px 0;\n}\n@media (min-width:550px) {\n  #col-1851196836 > .col-inner {\n    padding: 0px 10% 0px 10%;\n  }\n}\n<\/style>\n\t<\/div>\n\n\t\n<\/div>\n\t\t<\/div>\n\n\t\t\n<style>\n#section_704756853 {\n  padding-top: 30px;\n  padding-bottom: 30px;\n  min-height: 300px;\n}\n#section_704756853 .section-bg-overlay {\n  background-color: rgba(0, 0, 0, 0.3);\n}\n#section_704756853 .section-bg.bg-loaded {\n  background-image: url(https:\/\/paloverdesrl.com\/web\/wp-content\/uploads\/2025\/07\/3-CONTACTO.webp);\n}\n#section_704756853 .section-bg {\n  background-position: 100% 28%;\n}\n<\/style>\n\t<\/section>\n\t\n","protected":false},"excerpt":{"rendered":"","protected":false},"author":2,"featured_media":0,"parent":0,"menu_order":0,"comment_status":"closed","ping_status":"closed","template":"page-blank.php","meta":{"footnotes":""},"class_list":["post-717","page","type-page","status-publish","hentry"],"_links":{"self":[{"href":"https:\/\/paloverdesrl.com\/web\/wp-json\/wp\/v2\/pages\/717","targetHints":{"allow":["GET"]}}],"collection":[{"href":"https:\/\/paloverdesrl.com\/web\/wp-json\/wp\/v2\/pages"}],"about":[{"href":"https:\/\/paloverdesrl.com\/web\/wp-json\/wp\/v2\/types\/page"}],"author":[{"embeddable":true,"href":"https:\/\/paloverdesrl.com\/web\/wp-json\/wp\/v2\/users\/2"}],"replies":[{"embeddable":true,"href":"https:\/\/paloverdesrl.com\/web\/wp-json\/wp\/v2\/comments?post=717"}],"version-history":[{"count":19,"href":"https:\/\/paloverdesrl.com\/web\/wp-json\/wp\/v2\/pages\/717\/revisions"}],"predecessor-version":[{"id":946,"href":"https:\/\/paloverdesrl.com\/web\/wp-json\/wp\/v2\/pages\/717\/revisions\/946"}],"wp:attachment":[{"href":"https:\/\/paloverdesrl.com\/web\/wp-json\/wp\/v2\/media?parent=717"}],"curies":[{"name":"wp","href":"https:\/\/api.w.org\/{rel}","templated":true}]}}