{"id":708,"date":"2024-01-29T01:07:37","date_gmt":"2024-01-29T01:07:37","guid":{"rendered":"https:\/\/paloverdesrl.com\/web\/?page_id=708"},"modified":"2025-08-05T16:58:49","modified_gmt":"2025-08-05T16:58:49","slug":"palo-verde-inta","status":"publish","type":"page","link":"https:\/\/paloverdesrl.com\/web\/palo-verde-inta\/","title":{"rendered":"Palo Verde +INTA"},"content":{"rendered":"\t<section class=\"section\" id=\"section_1056294999\">\n\t\t<div class=\"bg section-bg fill bg-fill  \" >\n\n\t\t\t\n\t\t\t\n\t\t\t\n\n\t\t<\/div>\n\n\t\t\n\n\t\t<div class=\"section-content relative\">\n\t\t\t\n<div class=\"container section-title-container\" ><h2 class=\"section-title section-title-bold-center\"><b><\/b><span class=\"section-title-main\" style=\"font-size:198%;color:rgb(255, 255, 255);\">PALO VERDE + INTA<\/span><b><\/b><\/h2><\/div>\n\t\t<\/div>\n\n\t\t\n<style>\n#section_1056294999 {\n  padding-top: 30px;\n  padding-bottom: 30px;\n  min-height: 250px;\n}\n#section_1056294999 .section-bg.bg-loaded {\n  background-image: url(https:\/\/paloverdesrl.com\/web\/wp-content\/uploads\/2025\/08\/1B.webp);\n}\n#section_1056294999 .section-bg {\n  background-position: 44% 18%;\n}\n@media (min-width:550px) {\n  #section_1056294999 {\n    min-height: 325px;\n  }\n}\n<\/style>\n\t<\/section>\n\t\n\t<section class=\"section\" id=\"section_572153295\">\n\t\t<div class=\"bg section-bg fill bg-fill  bg-loaded\" >\n\n\t\t\t\n\t\t\t\n\t\t\t\n\n\t\t<\/div>\n\n\t\t\n\n\t\t<div class=\"section-content relative\">\n\t\t\t\n\t<div id=\"gap-1220387377\" class=\"gap-element clearfix\" style=\"display:block; height:auto;\">\n\t\t\n<style>\n#gap-1220387377 {\n  padding-top: 20px;\n}\n@media (min-width:550px) {\n  #gap-1220387377 {\n    padding-top: 40px;\n  }\n}\n<\/style>\n\t<\/div>\n\t\n<div class=\"row\"  id=\"row-1386774098\">\n\n\t<div id=\"col-942305225\" class=\"col medium-8 small-12 large-11\"  >\n\t\t\t\t<div class=\"col-inner\"  >\n\t\t\t\n\t\t\t\n<p class=\"lead\">Desde Septiembre de 2009, y a trav\u00e9s de un Convenio de Vinculaci\u00f3n Tecnol\u00f3gica (CVT), Palo Verde SRL e INTA unieron sus esfuerzos para el desarrollo de nuevos cultivares de alfalfa. De esta manera, las capacidades t\u00e9cnico\/cient\u00edfica y productivo\/comercial de una y otra parte, se ponen a disposici\u00f3n del productor ganadero para ofrecer alfalfas m\u00e1s productivas y adaptadas a las condiciones nacionales.<\/p>\n\t\t<\/div>\n\t\t\t\t\t<\/div>\n\n\t\n<\/div>\n\t\t<\/div>\n\n\t\t\n<style>\n#section_572153295 {\n  padding-top: 30px;\n  padding-bottom: 30px;\n}\n<\/style>\n\t<\/section>\n\t\n\t<section class=\"section dark\" id=\"section_121222474\">\n\t\t<div class=\"bg section-bg fill bg-fill  \" >\n\n\t\t\t\n\t\t\t<div class=\"section-bg-overlay absolute fill\"><\/div>\n\t\t\t\n\n\t\t<\/div>\n\n\t\t\n\n\t\t<div class=\"section-content relative\">\n\t\t\t\n<div class=\"row\"  id=\"row-1996735884\">\n\n\t<div id=\"col-152793550\" class=\"col medium-12 small-12 large-6\"  >\n\t\t\t\t<div class=\"col-inner\"  >\n\t\t\t\n\t\t\t\n\t<div id=\"gap-1201558378\" class=\"gap-element clearfix\" style=\"display:block; height:auto;\">\n\t\t\n<style>\n#gap-1201558378 {\n  padding-top: 30px;\n}\n<\/style>\n\t<\/div>\n\t\n\t<div id=\"text-2033481920\" class=\"text\">\n\t\t\n<h2 class=\"uppercase\">Contactenos<\/h2>\n\t\t\n<style>\n#text-2033481920 {\n  font-size: 1.65rem;\n  text-align: center;\n}\n@media (min-width:850px) {\n  #text-2033481920 {\n    text-align: left;\n  }\n}\n<\/style>\n\t<\/div>\n\t\n\t<div id=\"text-479883267\" class=\"text\">\n\t\t\n<p>Con presencia en las principales zonas de producci\u00f3n.<\/p>\n\t\t\n<style>\n#text-479883267 {\n  text-align: center;\n}\n@media (min-width:850px) {\n  #text-479883267 {\n    text-align: left;\n  }\n}\n<\/style>\n\t<\/div>\n\t\n\t<div id=\"stack-3947282753\" class=\"stack stack-row justify-start items-stretch sm:stack-col md:justify-center\">\n\t\t\n<a href=\"https:\/\/paloverdesrl.com\/web\/contacto\/\" target=\"_self\" class=\"button white\"  style=\"padding:5px 30px 5px 30px;\">\n    <span>contacto<\/span>\n  <\/a>\n\n<a href=\"https:\/\/paloverdesrl.com\/web\/red-comercial\/\" target=\"_self\" class=\"button white is-outline\"  style=\"padding:5px 30px 5px 30px;\">\n    <span>representates<\/span>\n  <\/a>\n\n\t\t\n<style>\n#stack-3947282753 > * {\n  --stack-gap: 0.5rem;\n}\n<\/style>\n\t<\/div>\n\t\n\t\t<\/div>\n\t\t\t\t\n<style>\n#col-152793550 > .col-inner {\n  padding: 0px 0px 0px 0;\n}\n@media (min-width:550px) {\n  #col-152793550 > .col-inner {\n    padding: 0px 10% 0px 10%;\n  }\n}\n<\/style>\n\t<\/div>\n\n\t\n<\/div>\n\t\t<\/div>\n\n\t\t\n<style>\n#section_121222474 {\n  padding-top: 30px;\n  padding-bottom: 30px;\n  min-height: 300px;\n}\n#section_121222474 .section-bg-overlay {\n  background-color: rgba(0, 0, 0, 0.3);\n}\n#section_121222474 .section-bg.bg-loaded {\n  background-image: url(https:\/\/paloverdesrl.com\/web\/wp-content\/uploads\/2025\/07\/3-CONTACTO.webp);\n}\n#section_121222474 .section-bg {\n  background-position: 96% 19%;\n}\n<\/style>\n\t<\/section>\n\t\n\t<section class=\"section\" id=\"section_1951193593\">\n\t\t<div class=\"bg section-bg fill bg-fill  bg-loaded\" >\n\n\t\t\t\n\t\t\t\n\t\t\t\n\n\t\t<\/div>\n\n\t\t\n\n\t\t<div class=\"section-content relative\">\n\t\t\t\n\t<div id=\"gap-1134821012\" class=\"gap-element clearfix\" style=\"display:block; height:auto;\">\n\t\t\n<style>\n#gap-1134821012 {\n  padding-top: 30px;\n}\n<\/style>\n\t<\/div>\n\t\n<div class=\"row\"  id=\"row-1735866429\">\n\n\t<div id=\"col-426856021\" class=\"col medium-4 small-12 large-4\"  >\n\t\t\t\t<div class=\"col-inner\"  >\n\t\t\t\n\t\t\t\n<p class=\"lead\">Las actividades est\u00e1n orientadas a obtener cultivares de grado de reposo invernal (GRI) intermedio a sin reposo con:<\/p>\n\t<div class=\"img has-hover x md-x lg-x y md-y lg-y\" id=\"image_1845443871\">\n\t\t\t\t\t\t\t\t<div class=\"img-inner dark\" >\n\t\t\t<img loading=\"lazy\" decoding=\"async\" width=\"768\" height=\"576\" src=\"https:\/\/paloverdesrl.com\/web\/wp-content\/uploads\/2024\/01\/Palo-Verde1-768x576-1.jpg\" class=\"attachment-large size-large\" alt=\"\" srcset=\"https:\/\/paloverdesrl.com\/web\/wp-content\/uploads\/2024\/01\/Palo-Verde1-768x576-1.jpg 768w, https:\/\/paloverdesrl.com\/web\/wp-content\/uploads\/2024\/01\/Palo-Verde1-768x576-1-533x400.jpg 533w\" sizes=\"auto, (max-width: 768px) 100vw, 768px\" \/>\t\t\t\t\t\t\n\t\t\t\t\t<\/div>\n\t\t\t\t\t\t\t\t\n<style>\n#image_1845443871 {\n  width: 100%;\n}\n<\/style>\n\t<\/div>\n\t\n\t\t<\/div>\n\t\t\t\t\t<\/div>\n\n\t\n\n\t<div id=\"col-1367485031\" class=\"col medium-8 small-12 large-8\"  >\n\t\t\t\t<div class=\"col-inner\"  >\n\t\t\t\n\t\t\t\n<ul>\n<li>Excelente potencial de producci\u00f3n forrajera y persistencia.<\/li>\n<li>Alto nivel de resistencia a pulgones y enfermedades de corona y ra\u00edz.<\/li>\n<li>Muy buena sanidad foliar.<\/li>\n<li>Excelente adaptaci\u00f3n a todas las \u00e1reas alfalferas del pa\u00eds.<\/li>\n<\/ul>\n<p>Otras l\u00edneas de acci\u00f3n en marcha incluyen:<\/p>\n<ul>\n<li>Desarrollo de cultivares con menor potencial timpanizante (empaste).<\/li>\n<li>Uso de t\u00e9cnicas moleculares para asistir a la selecci\u00f3n de cultivares con alt\u00edsimo potencial de rendimiento de forraje.<\/li>\n<li>Obtenci\u00f3n de cultivares extremadamente sin reposo (GRI 10) con alto potencial de rendimiento y con marcada expresi\u00f3n multifoliolada.<\/li>\n<li>Desarrollo de cultivares de reposo intermedio con alto n\u00famero de ra\u00edces secundarias para tolerancia a los gorgojos de la alfalfa.<\/li>\n<li>Selecci\u00f3n de alfalfas sin reposo tolerantes a condiciones de salinidad.<\/li>\n<\/ul>\n\t\t<\/div>\n\t\t\t\t\t<\/div>\n\n\t\n<\/div>\n\t\t<\/div>\n\n\t\t\n<style>\n#section_1951193593 {\n  padding-top: 30px;\n  padding-bottom: 30px;\n}\n<\/style>\n\t<\/section>\n\t\n<div class=\"row\"  id=\"row-2045206041\">\n\n\t<div id=\"col-1697609447\" class=\"col medium-2 small-12 large-2\"  >\n\t\t\t\t<div class=\"col-inner\"  >\n\t\t\t\n\t\t\t\n\t\t<\/div>\n\t\t\t\t\t<\/div>\n\n\t\n\n\t<div id=\"col-2031854907\" class=\"col medium-8 small-12 large-8\"  >\n\t\t\t\t<div class=\"col-inner\"  >\n\t\t\t\n\t\t\t\n\t<div class=\"img has-hover x md-x lg-x y md-y lg-y\" id=\"image_1172664284\">\n\t\t\t\t\t\t\t\t<div class=\"img-inner dark\" >\n\t\t\t<img loading=\"lazy\" decoding=\"async\" width=\"1020\" height=\"253\" src=\"https:\/\/paloverdesrl.com\/web\/wp-content\/uploads\/2024\/01\/PALO-INTA11-1024x254-1.jpg\" class=\"attachment-large size-large\" alt=\"\" srcset=\"https:\/\/paloverdesrl.com\/web\/wp-content\/uploads\/2024\/01\/PALO-INTA11-1024x254-1.jpg 1024w, https:\/\/paloverdesrl.com\/web\/wp-content\/uploads\/2024\/01\/PALO-INTA11-1024x254-1-800x198.jpg 800w, https:\/\/paloverdesrl.com\/web\/wp-content\/uploads\/2024\/01\/PALO-INTA11-1024x254-1-768x191.jpg 768w\" sizes=\"auto, (max-width: 1020px) 100vw, 1020px\" \/>\t\t\t\t\t\t\n\t\t\t\t\t<\/div>\n\t\t\t\t\t\t\t\t\n<style>\n#image_1172664284 {\n  width: 100%;\n}\n<\/style>\n\t<\/div>\n\t\n\t\t<\/div>\n\t\t\t\t\t<\/div>\n\n\t\n\n\t<div id=\"col-1128597744\" class=\"col medium-2 small-12 large-2\"  >\n\t\t\t\t<div class=\"col-inner\"  >\n\t\t\t\n\t\t\t\n\t\t<\/div>\n\t\t\t\t\t<\/div>\n\n\t\n<\/div>\n","protected":false},"excerpt":{"rendered":"","protected":false},"author":2,"featured_media":0,"parent":0,"menu_order":0,"comment_status":"closed","ping_status":"closed","template":"page-blank.php","meta":{"footnotes":""},"class_list":["post-708","page","type-page","status-publish","hentry"],"_links":{"self":[{"href":"https:\/\/paloverdesrl.com\/web\/wp-json\/wp\/v2\/pages\/708","targetHints":{"allow":["GET"]}}],"collection":[{"href":"https:\/\/paloverdesrl.com\/web\/wp-json\/wp\/v2\/pages"}],"about":[{"href":"https:\/\/paloverdesrl.com\/web\/wp-json\/wp\/v2\/types\/page"}],"author":[{"embeddable":true,"href":"https:\/\/paloverdesrl.com\/web\/wp-json\/wp\/v2\/users\/2"}],"replies":[{"embeddable":true,"href":"https:\/\/paloverdesrl.com\/web\/wp-json\/wp\/v2\/comments?post=708"}],"version-history":[{"count":9,"href":"https:\/\/paloverdesrl.com\/web\/wp-json\/wp\/v2\/pages\/708\/revisions"}],"predecessor-version":[{"id":944,"href":"https:\/\/paloverdesrl.com\/web\/wp-json\/wp\/v2\/pages\/708\/revisions\/944"}],"wp:attachment":[{"href":"https:\/\/paloverdesrl.com\/web\/wp-json\/wp\/v2\/media?parent=708"}],"curies":[{"name":"wp","href":"https:\/\/api.w.org\/{rel}","templated":true}]}}